{"id":178,"date":"2018-05-24T20:51:48","date_gmt":"2018-05-24T18:51:48","guid":{"rendered":"http:\/\/pilonatic.fr\/?post_type=product&#038;p=178"},"modified":"2024-10-01T10:23:28","modified_gmt":"2024-10-01T08:23:28","slug":"pilona-tubular-con-placa-2","status":"publish","type":"product","link":"https:\/\/pilonatic.fr\/fr\/fr\/produit\/pilona-tubular-con-placa-2\/","title":{"rendered":"Pilona tubular con placa Verde"},"content":{"rendered":"<p>Material acero galvanizado + lacado 90mm<br \/>\ndi\u00e1metro 90<\/p>\n<p>altura 850mm<br \/>\nespesor 2mm<\/p>","protected":false},"excerpt":{"rendered":"<p>Pilona construida con tubo galvanizado de 2mm de alta resistencia contra impactos modelo econ\u00f3mico con placa para su f\u00e1cil inhalaci\u00f3n<\/p>","protected":false},"featured_media":179,"comment_status":"open","ping_status":"closed","template":"","meta":[],"product_brand":[],"product_cat":[18],"product_tag":[36,34,19,37,35],"woo-feed-brand":[],"class_list":{"0":"post-178","1":"product","2":"type-product","3":"status-publish","4":"has-post-thumbnail","6":"product_cat-pilonas-fijas_bolardos_fijos","7":"product_tag-con","8":"product_tag-pilona-seguridad","9":"product_tag-pilona-urban-city","10":"product_tag-placa","11":"product_tag-tubular-economica","12":"product_shipping_class-envio-por-agencia","14":"first","15":"instock","16":"sale","17":"taxable","18":"shipping-taxable","19":"purchasable","20":"product-type-simple"},"aioseo_notices":[],"jetpack_sharing_enabled":true,"_links":{"self":[{"href":"https:\/\/pilonatic.fr\/fr\/wp-json\/wp\/v2\/product\/178","targetHints":{"allow":["GET"]}}],"collection":[{"href":"https:\/\/pilonatic.fr\/fr\/wp-json\/wp\/v2\/product"}],"about":[{"href":"https:\/\/pilonatic.fr\/fr\/wp-json\/wp\/v2\/types\/product"}],"replies":[{"embeddable":true,"href":"https:\/\/pilonatic.fr\/fr\/wp-json\/wp\/v2\/comments?post=178"}],"wp:featuredmedia":[{"embeddable":true,"href":"https:\/\/pilonatic.fr\/fr\/wp-json\/wp\/v2\/media\/179"}],"wp:attachment":[{"href":"https:\/\/pilonatic.fr\/fr\/wp-json\/wp\/v2\/media?parent=178"}],"wp:term":[{"taxonomy":"product_brand","embeddable":true,"href":"https:\/\/pilonatic.fr\/fr\/wp-json\/wp\/v2\/product_brand?post=178"},{"taxonomy":"product_cat","embeddable":true,"href":"https:\/\/pilonatic.fr\/fr\/wp-json\/wp\/v2\/product_cat?post=178"},{"taxonomy":"product_tag","embeddable":true,"href":"https:\/\/pilonatic.fr\/fr\/wp-json\/wp\/v2\/product_tag?post=178"},{"taxonomy":"woo-feed-brand","embeddable":true,"href":"https:\/\/pilonatic.fr\/fr\/wp-json\/wp\/v2\/woo-feed-brand?post=178"}],"curies":[{"name":"wp","href":"https:\/\/api.w.org\/{rel}","templated":true}]}}