{"id":1705,"date":"2018-06-19T01:12:50","date_gmt":"2018-06-18T23:12:50","guid":{"rendered":"http:\/\/pilonatic.fr\/product\/fully-telescopic-driveway-security-post-parking-post-bollard\/"},"modified":"2025-12-02T05:06:40","modified_gmt":"2025-12-02T04:06:40","slug":"fully-telescopic-driveway-security-post-parking-post-bollard","status":"publish","type":"product","link":"https:\/\/pilonatic.fr\/fr\/fr\/produit\/fully-telescopic-driveway-security-post-parking-post-bollard\/","title":{"rendered":"Fully Telescopic driveway Security Post\/Parking Post\/Bollard"},"content":{"rendered":"<p>&nbsp;<\/p>\n<p>Ante una ola aparentemente creciente de robos de veh\u00edculos y equipos, vale la pena considerar todos los medios de protecci\u00f3n. Estas publicaciones son una soluci\u00f3n de seguridad ideal y rentable.<\/p>","protected":false},"excerpt":{"rendered":"<p>Asegure su autom\u00f3vil, camioneta, caravana, remolque, garaje o entrada<\/p>\n<p>El poste que ofrece la fuerza y \u200b\u200brigidez de un tipo removible pero tiene la conveniencia de ser retr\u00e1ctil. Se asienta al ras del suelo cuando no est\u00e1 en uso. Bloqueo colocado en la parte superior del poste para facilitar su uso.<\/p>\n<p>* Dispositivo de disuasi\u00f3n de seguridad simple pero muy visible que no tiene partes m\u00f3viles por debajo del nivel del suelo.<br \/>\n*<br \/>\n* Galvanizado y se extiende hasta 550 mm por encima del suelo &#8211; 780 mm por debajo del suelo<\/p>\n<p>&nbsp;<\/p>\n<p>Espesor del metal: 2,7 mm<\/p>\n<p>** Viene con un candado de discusi\u00f3n de 70 mm y 2 llaves<\/p>\n<p>&nbsp;<\/p>\n<p>Candados de disco con llaves iguales y llaves adicionales disponibles a pedido<\/p>\n<p>Peso de env\u00edo: 11 kg<\/p>\n<p>&nbsp;<\/p>\n<p>Informaci\u00f3n importante:<\/p>\n<p>Seleccione el sitio donde desea colocar la publicaci\u00f3n, es decir, frente a la caravana, el autom\u00f3vil, el remolque, el camino de entrada, la explanada, la puerta del garaje, etc.<\/p>\n<p>Coloque el poste en posici\u00f3n bloqueada con la placa inferior a nivel del suelo, en el orificio, encima de un poco de material duro para permitir el drenaje.<\/p>\n<p>Aseg\u00farese de que el poste est\u00e9 en posici\u00f3n vertical. Rellenar y embutir concreto hasta el nivel del suelo.<\/p>\n<p>Verifique que el poste est\u00e9 nivelado y vertical<\/p>\n<p>Deje que el concreto se asiente durante 24 horas antes de usarlo.<\/p>\n<p>&nbsp;<\/p>\n<p>ADVERTENCIA: Est\u00e9 siempre atento a las tuber\u00edas subterr\u00e1neas de suministro de red al excavar.<\/p>","protected":false},"featured_media":7042,"comment_status":"open","ping_status":"closed","template":"","meta":[],"product_brand":[],"product_cat":[17],"product_tag":[],"woo-feed-brand":[],"class_list":{"0":"post-1705","1":"product","2":"type-product","3":"status-publish","4":"has-post-thumbnail","6":"product_cat-pilonas","8":"first","9":"instock","10":"sale","11":"taxable","12":"shipping-taxable","13":"purchasable","14":"product-type-simple"},"aioseo_notices":[],"jetpack_sharing_enabled":true,"_links":{"self":[{"href":"https:\/\/pilonatic.fr\/fr\/wp-json\/wp\/v2\/product\/1705","targetHints":{"allow":["GET"]}}],"collection":[{"href":"https:\/\/pilonatic.fr\/fr\/wp-json\/wp\/v2\/product"}],"about":[{"href":"https:\/\/pilonatic.fr\/fr\/wp-json\/wp\/v2\/types\/product"}],"replies":[{"embeddable":true,"href":"https:\/\/pilonatic.fr\/fr\/wp-json\/wp\/v2\/comments?post=1705"}],"wp:featuredmedia":[{"embeddable":true,"href":"https:\/\/pilonatic.fr\/fr\/wp-json\/wp\/v2\/media\/7042"}],"wp:attachment":[{"href":"https:\/\/pilonatic.fr\/fr\/wp-json\/wp\/v2\/media?parent=1705"}],"wp:term":[{"taxonomy":"product_brand","embeddable":true,"href":"https:\/\/pilonatic.fr\/fr\/wp-json\/wp\/v2\/product_brand?post=1705"},{"taxonomy":"product_cat","embeddable":true,"href":"https:\/\/pilonatic.fr\/fr\/wp-json\/wp\/v2\/product_cat?post=1705"},{"taxonomy":"product_tag","embeddable":true,"href":"https:\/\/pilonatic.fr\/fr\/wp-json\/wp\/v2\/product_tag?post=1705"},{"taxonomy":"woo-feed-brand","embeddable":true,"href":"https:\/\/pilonatic.fr\/fr\/wp-json\/wp\/v2\/woo-feed-brand?post=1705"}],"curies":[{"name":"wp","href":"https:\/\/api.w.org\/{rel}","templated":true}]}}