{"id":7308,"date":"2022-10-20T17:11:17","date_gmt":"2022-10-20T15:11:17","guid":{"rendered":"https:\/\/pilonatic.fr\/?page_id=7308"},"modified":"2022-12-04T19:35:51","modified_gmt":"2022-12-04T18:35:51","slug":"reembolso_devoluciones","status":"publish","type":"page","link":"https:\/\/pilonatic.fr\/fr\/fr\/reembolso_devoluciones\/","title":{"rendered":"Pol\u00edtica de env\u00edos"},"content":{"rendered":"<h2 class=\"wp-block-heading\" id=\"h-plazos-de-entrega\">Plazos de Entrega<\/h2>\n\n\n\n<p> <\/p>\n\n\n\n<p>OFRECEMOS ENV\u00cdO GRATIS PARA ESPA\u00d1A<br>Tiempos de env\u00edo<\/p>\n\n\n\n<p>Tiempo de manejo de pedidos: 2 \u2013 4 d\u00edas h\u00e1biles (lunes a viernes).<\/p>\n\n\n\n<p>El tiempo de entrega del pedido es de 5 a 10 d\u00edas h\u00e1biles (lunes a viernes).<\/p>\n\n\n\n<p>Gastos de env\u00edo: Ofrecemos env\u00edo gratis para Espa\u00f1a<\/p>\n\n\n\n<p>Los pedidos se preparan en el momento en que el pago ha sido confirmado y en el siguiente horario:<\/p>\n\n\n\n<p><font style=\"vertical-align: inherit;\"><font style=\"vertical-align: inherit;\">Lunes a Viernes de 9:00 am. <\/font><\/font><\/p>\n\n\n\n<p>(GMT+01:00) Hora (Madrid)<\/p>\n\n\n\n<p><\/p>\n\n\n\n<h2 class=\"wp-block-heading\" id=\"h-costes-de-envio\"><font style=\"vertical-align: inherit;\"><font style=\"vertical-align: inherit;\">Costes de Envi\u00f3<\/font><\/font><\/h2>\n\n\n\n<ol class=\"wp-block-list\">\n<li>Los pedidos seran entregados a la direcci\u00f3n que indica el cliente a la hora de hacer el pedido<font style=\"vertical-align: inherit;\"><font style=\"vertical-align: inherit;\">.<\/font><\/font><\/li>\n\n\n\n<li>El envio gratuito es solo para Espa\u00f1a  sin incluir islas Baleares.<\/li>\n\n\n\n<li><font style=\"vertical-align: inherit;\"><font style=\"vertical-align: inherit;\">Los comprobantes de compra ser\u00e1n enviados a la direcci\u00f3n de correo electr\u00f3nico indicada por el cliente en su registro en la tienda online &#8216;pilonatic.fr&#8217; y tambi\u00e9n podr\u00e1n ser consultados en la cuenta de registro creada por el cliente en la tienda online &#8216;www. pilonatic.fr&#8217;.<\/font><\/font><\/li>\n\n\n\n<li>Los s\u00e1bados, domingos y fiestas no habr\u00e1 ni salida ni entrega de pedidos.<\/li>\n\n\n\n<li>La entrega se realizar\u00e1 puntualmente bajo la responsabilidad del transportista.<\/li>\n\n\n\n<li>Un pedido se considera entregado en el momento en que el transportista entrega el paquete, o los paquetes, al cliente y \u00e9ste firma el documento de recepci\u00f3n de entrega. Corresponde al cliente verificar el estado de la mercanc\u00eda a la recepci\u00f3n e indicar todas las anomal\u00edas en el albar\u00e1n de recepci\u00f3n de entrega.<\/li>\n\n\n\n<li>El precio de los env\u00edos es el reflejado en cada pedido, dependiendo de las caracter\u00edsticas del mismo y aparecer\u00e1 con IVA inclu\u00eddo.<\/li>\n<\/ol>\n\n\n\n<h2 class=\"wp-block-heading\" id=\"h-reclamaciones-de-pedidos-no-entregados\">Reclamaciones de pedidos no entregados<\/h2>\n\n\n\n<p>El consumidor y\/o usuario, tras la recepci\u00f3n de un mail de que su pedido est\u00e1 enviado, si transcurrido un plazo razonable no recibe el producto, puede ponerse en contacto con&nbsp;<strong>&#8216;pilonatic.fr&#8217;&nbsp;<\/strong>a trav\u00e9s del tel\u00e9fono (+34) 632429144, por el formulario de contacto&nbsp;o por mail: pilonatic@gmail.com para poder esclarecer la causa de la demora.<\/p>\n\n\n\n<p>Una vez obtenida la reclamaci\u00f3n, &#8216;<strong>pilonatic.fr<\/strong>&#8216; contactar\u00e1 con el consumidor y\/o usuario con el objeto de explicar lo sucedido y llegar a un acuerdo sobre lo acontecido.<\/p>\n\n\n\n<p>En caso \u00faltimo que&nbsp;<strong>&#8216;pilonatic.fr&#8217;<\/strong>&nbsp;no tenga disponibilidad del bien contratado, el consumidor y\/o usuario ser\u00e1 informado de esa falta de disponibilidad y en el plazo m\u00e1s breve posible recibir\u00e1 de&nbsp;<strong>&#8216;pilonatic.fr&#8217;<\/strong>&nbsp;las sumas abonadas.<\/p>\n\n\n\n<h2 class=\"wp-block-heading\" id=\"h-anulaciones\">Anulaciones<\/h2>\n\n\n\n<p>Si una vez realizada la compra se desea anular un pedido que todav\u00eda no ha sido expedido, se puede hacer siempre y cuando se indique mediante el formulario de contacto establecido al efecto en la secci\u00f3n \u201ccontacto\u201d o por escrito a la direcci\u00f3n electr\u00f3nica pilonatic@gmail.com, formulario de atenci\u00f3n al cliente o bien por tel\u00e9fono al n\u00famero (+34) 932497787 indicando el n\u00famero del pedido que se desea cancelar.<\/p>\n\n\n\n<h2 class=\"wp-block-heading\" id=\"h-politica-de-devoluciones\">Pol\u00edtica de Devoluciones<\/h2>\n\n\n\n<p><font style=\"vertical-align: inherit;\"><font style=\"vertical-align: inherit;\">El consumidor y\/o usuario dispondr\u00e1 de un plazo de 15 d\u00edas naturales contados a partir de la fecha de recepci\u00f3n del producto para devolverlo sin necesidad de indicar el motivo y sin incurrir en ning\u00fan coste salvo los gastos relacionados con el env\u00edo que ser\u00e1n asumidos por el cliente.<\/font><\/font><\/p>\n\n\n\n<p>Se establecen las siguientes excepciones (entre otras) en el ejercicio del derecho de desistimiento y que vienen recogidas expresamente en la Ley en materia de consumidores y usuarios, que son:<\/p>\n\n\n\n<p>c)&nbsp;El suministro de bienes confeccionados conforme a las especificaciones del consumidor y\/o usuario o claramente personalizados.<\/p>\n\n\n\n<p>d)&nbsp;El suministro de bienes que puedan deteriorarse o caducar con rapidez.<\/p>\n\n\n\n<p>e)\u00a0El suministro de bienes precintados que no sean aptos para ser devueltos por razones de protecci\u00f3n de la salud o de higiene y que hayan sido des precintados tras la entrega.<\/p>\n\n\n\n<p>f)\u00a0El suministro de bienes que despu\u00e9s de su entrega y teniendo en cuenta su naturaleza se hayan mezclado de forma in-disociable con otros bienes.<\/p>\n\n\n\n<p>La devoluci\u00f3n del importe se realizar\u00e1 mediante el mismo m\u00e9todo de pago con el que el usuario realiz\u00f3 la compra.<\/p>\n\n\n\n<p>El producto devuelto deber\u00e1 estar en las mismas condiciones en que se recibi\u00f3, es decir, en perfectas condiciones y por supuesto no podr\u00e1 encontrarse da\u00f1ado, golpeado o con pruebas fehacientes de uso que impidan de nuevo la venta del mismo producto. Para realizar el env\u00edo del mismo debe hacerse en un embalaje apropiado que lo proteja durante el trayecto.<\/p>\n\n\n\n<p><strong>Procedimiento:<\/strong><\/p>\n\n\n\n<p>Para ejercer su derecho de desistimiento, el consumidor y\/o usuario dispone de un plazo de 14 d\u00edas naturales, Para ello&nbsp; cumplimentar\u00e1 el formulario establecido al efecto en la secci\u00f3n \u201cMi cuenta\u201d o bien realizar\u00e1 otro tipo de declaraci\u00f3n inequ\u00edvoca en la que se\u00f1ale su decisi\u00f3n de desistir del contrato de venta.<\/p>\n\n\n\n<p>Ya sea por un medio u otro, su comunicaci\u00f3n deber\u00e1 contener los siguientes datos:<\/p>\n\n\n\n<ul class=\"wp-block-list\">\n<li>Sus datos identificativos: nombre completo y direcci\u00f3n<\/li>\n\n\n\n<li>N\u00famero de pedido que figura en la factura que se le ha remitido junto con el bien adquirido<\/li>\n\n\n\n<li>Descripci\u00f3n del bien adquirido<\/li>\n\n\n\n<li>Su voluntad de desistir del contrato de compraventa<\/li>\n\n\n\n<li>Fecha de la comunicaci\u00f3n<\/li>\n\n\n\n<li>Si env\u00eda su petici\u00f3n por medio no electr\u00f3nico (por ejemplo, correo postal) la misma deber\u00e1 venir firmada.<\/li>\n<\/ul>\n\n\n\n<p><font style=\"vertical-align: inherit;\"><font style=\"vertical-align: inherit;\">A partir de la fecha en que nos notifique su decisi\u00f3n de desistir del contrato, el consumidor y\/o usuario dispone de un plazo de 15 d\u00edas naturales para devolver a &#8216;grupo pilonatic&#8217; el art\u00edculo adquirido en perfecto estado, junto con una copia del la factura.<\/font><\/font><\/p>\n\n\n\n<p>Grupo Pilonatic comunicar\u00e1 sin demora al consumidor y\/o usuario mediante email el acuse de recibo de dicho desistimiento, con las instrucciones del env\u00edo por parte del consumidor y\/o usuario. Una vez recibido el producto o el consumidor y\/o usuario haya presentado prueba fehaciente de la devoluci\u00f3n del bien, &#8216;gruposd.es&#8217; entregar\u00e1 sin demoras indebidas las sumas entregadas por el consumidor y\/o usuario<strong>.<\/strong><\/p>\n\n\n\n<h2 class=\"wp-block-heading\" id=\"h-registro-de-usuarios\">REGISTRO DE USUARIOS<\/h2>\n\n\n\n<p>Para navegar por la tienda y agregar productos al carrito no es necesario estar registrado. Sin embargo, para realizar la compra s\u00ed ser\u00e1 necesario que se registre como usuario. Le solicitaremos sus datos personales para generar su ficha de cliente, dichos datos quedar\u00e1n protegidos en virtud de lo dispuesto en la Ley 15\/1999, de 13 de diciembre, de Protecci\u00f3n de Datos de Car\u00e1cter Personal.<br>Con su cuenta de usuario podr\u00e1 realizar compras y beneficiarse de los descuentos, promociones y regalos que ofrecemos a nuestros clientes.<br>En su cuenta podr\u00e1 consultar el historial y detalles de sus pedidos, sus direcciones de env\u00edo, sus medios de pago, sus vales de descuento, etc.<\/p>\n\n\n\n<h2 class=\"wp-block-heading\" id=\"h-proceso-de-compra\">PROCESO DE COMPRA<\/h2>\n\n\n\n<p>Para comprar en la tienda online&nbsp;<strong>pilonatic.fr<\/strong> ser\u00e1 necesario ser usuario registrado y mayor de 18 a\u00f1os.<br>Agregue todos los productos que desee en su carrito, posteriormente para realizar la compra haga clic en \u00abConfirmar\u00bb. Le solicitaremos la direcci\u00f3n de env\u00edo y la direcci\u00f3n de cliente (puede usar la misma direcci\u00f3n para ambas cosas).<br>Posteriormente se le solicitar\u00e1 elegir el tipo de env\u00edo, dichas tarifas se calculan de acuerdo con la direcci\u00f3n de entrega proporcionada, con el peso total del paquete y la duraci\u00f3n del env\u00edo (urgente u ordinario).<br>Por \u00faltimo deber\u00e1 elegir la forma de pago, ya sea mediante transferencia bancaria,contra reembolso,PayPal o con tarjetas de debito o cr\u00e9dito.<\/p>\n\n\n\n<h2 class=\"wp-block-heading\" id=\"h-garantias\">GARANT\u00cdAS<\/h2>\n\n\n\n<p>La reparaci\u00f3n y la sustituci\u00f3n ser\u00e1n gratuitas para el usuario. Dicha gratuidad comprender\u00e1 los gastos necesarios realizados para subsanar la falta de conformidad de los productos con el contrato, especialmente los gastos de env\u00edo, as\u00ed como los costes relacionados con la mano de obra y los materiales.<\/p>\n\n\n\n<p>Es obligaci\u00f3n del cliente hacer llegar la mercanc\u00eda defectuosa \u00a0por sus medios para poder tramitar la garant\u00eda, una vez recepcionada y aprobada la garant\u00eda,\u00a0<strong>pilonatic.fr<\/strong> proceder\u00e1 a reemplazar el producto envi\u00e1ndolo al cliente a portes pagados, sin que al cliente le cueste ning\u00fan gasto adicional.<\/p>\n\n\n\n<p>El vendedor responde de las faltas de conformidad que se manifiesten en un plazo de dos a\u00f1os desde la entrega. El consumidor y usuario deber\u00e1 informar al vendedor de la falta de conformidad en el plazo de dos meses desde que tuvo conocimiento de ella.<\/p>\n\n\n\n<h2 class=\"wp-block-heading\" id=\"h-contacto\">CONTACTO<\/h2>\n\n\n\n<p>En cualquier momento que usted lo desee puede ponerse en contacto con nosotros para solicitar mayor informaci\u00f3n o resolver sus dudas<strong>\u00a0<\/strong>a trav\u00e9s del tel\u00e9fono (+34) 932 49 77 87, por el formulario de contacto\u00a0o por email: pilonatic@gmail.com para poder esclarecer la causa de la demora.<\/p>\n\n\n\n<p>Las partes se someten, a su elecci\u00f3n, para la resoluci\u00f3n de los conflictos y con renuncia a cualquier otro fuero, a los juzgados y tribunales del domicilio del usuario.<\/p>\n\n\n\n<p><\/p>","protected":false},"excerpt":{"rendered":"<p>Plazos de Entrega OFRECEMOS ENV\u00cdO GRATIS PARA ESPA\u00d1ATiempos de env\u00edo Tiempo de manejo de pedidos: 2 \u2013 4 d\u00edas h\u00e1biles (lunes a viernes). El tiempo de entrega del pedido es de 5 a 10 d\u00edas h\u00e1biles (lunes a viernes). Gastos de env\u00edo: Ofrecemos env\u00edo gratis para Espa\u00f1a Los pedidos se preparan en el momento en [&hellip;]<\/p>\n","protected":false},"author":1,"featured_media":0,"parent":0,"menu_order":0,"comment_status":"closed","ping_status":"closed","template":"","meta":{"footnotes":""},"class_list":["post-7308","page","type-page","status-publish","hentry"],"aioseo_notices":[],"jetpack_sharing_enabled":true,"_links":{"self":[{"href":"https:\/\/pilonatic.fr\/fr\/wp-json\/wp\/v2\/pages\/7308","targetHints":{"allow":["GET"]}}],"collection":[{"href":"https:\/\/pilonatic.fr\/fr\/wp-json\/wp\/v2\/pages"}],"about":[{"href":"https:\/\/pilonatic.fr\/fr\/wp-json\/wp\/v2\/types\/page"}],"author":[{"embeddable":true,"href":"https:\/\/pilonatic.fr\/fr\/wp-json\/wp\/v2\/users\/1"}],"replies":[{"embeddable":true,"href":"https:\/\/pilonatic.fr\/fr\/wp-json\/wp\/v2\/comments?post=7308"}],"version-history":[{"count":12,"href":"https:\/\/pilonatic.fr\/fr\/wp-json\/wp\/v2\/pages\/7308\/revisions"}],"predecessor-version":[{"id":8228,"href":"https:\/\/pilonatic.fr\/fr\/wp-json\/wp\/v2\/pages\/7308\/revisions\/8228"}],"wp:attachment":[{"href":"https:\/\/pilonatic.fr\/fr\/wp-json\/wp\/v2\/media?parent=7308"}],"curies":[{"name":"wp","href":"https:\/\/api.w.org\/{rel}","templated":true}]}}