{"id":6580,"date":"2020-07-22T17:22:03","date_gmt":"2020-07-22T15:22:03","guid":{"rendered":"http:\/\/pilonatic.fr\/?page_id=6580"},"modified":"2026-04-05T15:11:24","modified_gmt":"2026-04-05T13:11:24","slug":"sobre-nosotros","status":"publish","type":"page","link":"https:\/\/pilonatic.fr\/fr\/fr\/sobre-nosotros\/","title":{"rendered":"\u00c0 PROPOS DE NOUS"},"content":{"rendered":"<figure class=\"wp-block-embed is-type-video is-provider-youtube wp-block-embed-youtube wp-embed-aspect-16-9 wp-has-aspect-ratio\"><div class=\"wp-block-embed__wrapper\">\n<div class=\"video-container responsive-embed widescreen\"><iframe loading=\"lazy\" title=\"Grupo Pilonatic\" width=\"900\" height=\"506\" src=\"https:\/\/www.youtube.com\/embed\/AVUwW4o-lTs?feature=oembed\" frameborder=\"0\" allow=\"accelerometer; autoplay; clipboard-write; encrypted-media; gyroscope; picture-in-picture\" allowfullscreen><\/iframe><\/div>\n<\/div><\/figure>\n\n\n\n<div class=\"wp-block-group alignwide\"><div class=\"wp-block-group__inner-container is-layout-flow wp-block-group-is-layout-flow\">\n<div class=\"wp-block-group alignwide\"><div class=\"wp-block-group__inner-container is-layout-flow wp-block-group-is-layout-flow\">\n<div class=\"wp-block-group alignfull\"><div class=\"wp-block-group__inner-container is-layout-flow wp-block-group-is-layout-flow\">\n<div class=\"wp-block-group\"><div class=\"wp-block-group__inner-container is-layout-flow wp-block-group-is-layout-flow\">\n<div class=\"wp-block-columns alignfull is-layout-flex wp-container-core-columns-is-layout-9d6595d7 wp-block-columns-is-layout-flex\">\n<div class=\"wp-block-column is-vertically-aligned-center is-layout-flow wp-block-column-is-layout-flow\" style=\"flex-basis:100%\">\n<div class=\"wp-block-columns is-layout-flex wp-container-core-columns-is-layout-9d6595d7 wp-block-columns-is-layout-flex\">\n<div class=\"wp-block-column is-layout-flow wp-block-column-is-layout-flow\" style=\"flex-basis:100%\"><\/div>\n<\/div>\n<\/div>\n<\/div>\n<\/div><\/div>\n<\/div><\/div>\n<\/div><\/div>\n<\/div><\/div>\n\n\n\n<p>PILONATIC SL es una empresa joven especializada en adaptacion a las necesidades de su cliente ofreciendo un precio competitivo en, fabricaci\u00f3n y reparaci\u00f3n de pilonas autom\u00e1ticas, manuales y fijas de todas las marcas.Especialistas en fabricaci\u00f3n de puertas peatonales, batientes,basculantes,rejas, Disponemos de nuestro propio equipo de profesionales para el dise\u00f1o y control de todos los equipos, tanto a nivel tecnol\u00f3gico industrial, mec\u00e1nico y de control electr\u00f3nico. Con una larga experiencia en el sector como proveedores de algunas marcas nacionales, nuestro objetivo actual es ofrecer directamente al cliente y entidades soluciones de alta calidad y eficiencia. No dude en contactar con nuestro equipo de profesionales para asesorarse.<\/p>\n\n\n\n<p>Mantenimiento y Reparaci\u00f3n<\/p>\n\n\n\n<p>Hacemos mantenimientos de parkings puertas enrollables, basculantes servicio 24 horas de apertura, reparaci\u00f3n de todo tipo de pilona y mobiliario urbano.<\/p>\n\n\n\n<h2 class=\"wp-block-heading\" id=\"h-servicios-ofrecidos-porpilonatic-sl\"><strong>SERVICIOS OFRECIDOS&nbsp; POR<\/strong><br><strong>PILONATIC SL<\/strong><\/h2>\n\n\n\n<h4 class=\"wp-block-heading\" id=\"h-mobiliario-urbano\">MOBILIARIO URBANO<\/h4>\n\n\n\n<p>Fabricamos mobiliario urbano como pilonas fijas retr\u00e1ctiles abatibles telesc\u00f3picas autom\u00e1ticas semiautom\u00e1ticas, bancos, papeleras, aparca bicicletas, se\u00f1ales, duchas, fuentes y mucho m\u00e1s nos adaptamos a su presupuesto y dise\u00f1o.<\/p>\n\n\n\n<h4 class=\"wp-block-heading\" id=\"h-cerrajeria\">CERRAJER\u00cdA<\/h4>\n\n\n\n<p>Fabricamos puertas de todo tipo basculantes, batientes,persianas, enrollables rejas ventanas cercados met\u00e1licos marcos de mallazos,barandillas protectores para su almac\u00e9n industrial y mucho m\u00e1s nos adaptamos a su presupuesto y dise\u00f1o.<\/p>\n\n\n\n<h4 class=\"wp-block-heading\" id=\"h-mantenimiento-mobiliario-urbano\">MANTENIMIENTO MOBILIARIO URBANO<\/h4>\n\n\n\n<p>Reparamos todo tipo de mobiliario urbanos como pilonas de todas las marcas ya sean manuales fijas autom\u00e1ticas semiautom\u00e1ticas, bancos,papeleras, fuentes,toboganes, vallados de parques y mucho m\u00e1s &#8230;..<\/p>\n\n\n\n<h4 class=\"wp-block-heading\" id=\"h-servicio-de-apertura-y-reparacion\">SERVICIO DE APERTURA Y REPARACI\u00d3N<\/h4>\n\n\n\n<p>Servicio de apertura y reparaci\u00f3n de puertas de todo tipo incluyendo basculantes, batientes.seccionales, enrollables, correderas y mucho m\u00e1s&#8230;.<\/p>\n\n\n\n<h2 class=\"wp-block-heading\" id=\"h-interesado-en-trabajar-con-nosotros\">INTERESADO EN TRABAJAR CON NOSOTROS<\/h2>\n\n\n\n<p><a href=\"http:\/\/pilonatic.fr\/fr\/contactar\/\">Contaca con nosotros<\/a><\/p>\n\n\n\n<div class=\"wp-block-group alignfull\"><div class=\"wp-block-group__inner-container is-layout-flow wp-block-group-is-layout-flow\">\n<div class=\"wp-block-columns is-layout-flex wp-container-core-columns-is-layout-9d6595d7 wp-block-columns-is-layout-flex\">\n<div class=\"wp-block-column is-layout-flow wp-block-column-is-layout-flow\" style=\"flex-basis:100%\">\n<div class=\"wp-block-getbowtied-sk-banner gbt_18_sk_banner\" style=\"height:823px\"><a class=\"gbt_18_sk_banner_wrapper\" href=\"#\" target=\"_blank\" rel=\"noopener noreferrer\"><div class=\"gbt_18_sk_banner_wrapper_inner\"><div class=\"gbt_18_sk_banner_background\" style=\"background-color:#000000;background-image:url(https:\/\/pilonatic.fr\/wp-content\/uploads\/2021\/10\/nave.png)\"><\/div><div class=\"gbt_18_sk_banner_content\" style=\"border:2px solid #fff\"><div class=\"gbt_18_sk_banner_text_content\"><h3 class=\"gbt_18_sk_banner_title\" style=\"color:#fcb900;font-size:38px\">GRUPO PILONATIC MANCHESTER UK<\/h3><p class=\"gbt_18_sk_banner_subtitle\" style=\"color:#fff;font-size:17px\">WWW.PILONATIC.COM<\/p><\/div><\/div><\/div><\/a><\/div>\n\n\n\n<p><\/p>\n<\/div>\n<\/div>\n<\/div><\/div>","protected":false},"excerpt":{"rendered":"<p>PILONATIC SL es una empresa joven especializada en adaptacion a las necesidades de su cliente ofreciendo un precio competitivo en, fabricaci\u00f3n y reparaci\u00f3n de pilonas autom\u00e1ticas, manuales y fijas de todas las marcas.Especialistas en fabricaci\u00f3n de puertas peatonales, batientes,basculantes,rejas, Disponemos de nuestro propio equipo de profesionales para el dise\u00f1o y control de todos los equipos, [&hellip;]<\/p>\n","protected":false},"author":1,"featured_media":0,"parent":0,"menu_order":0,"comment_status":"closed","ping_status":"closed","template":"","meta":{"footnotes":""},"class_list":["post-6580","page","type-page","status-publish","hentry"],"aioseo_notices":[],"jetpack_sharing_enabled":true,"_links":{"self":[{"href":"https:\/\/pilonatic.fr\/fr\/wp-json\/wp\/v2\/pages\/6580","targetHints":{"allow":["GET"]}}],"collection":[{"href":"https:\/\/pilonatic.fr\/fr\/wp-json\/wp\/v2\/pages"}],"about":[{"href":"https:\/\/pilonatic.fr\/fr\/wp-json\/wp\/v2\/types\/page"}],"author":[{"embeddable":true,"href":"https:\/\/pilonatic.fr\/fr\/wp-json\/wp\/v2\/users\/1"}],"replies":[{"embeddable":true,"href":"https:\/\/pilonatic.fr\/fr\/wp-json\/wp\/v2\/comments?post=6580"}],"version-history":[{"count":9,"href":"https:\/\/pilonatic.fr\/fr\/wp-json\/wp\/v2\/pages\/6580\/revisions"}],"predecessor-version":[{"id":9868,"href":"https:\/\/pilonatic.fr\/fr\/wp-json\/wp\/v2\/pages\/6580\/revisions\/9868"}],"wp:attachment":[{"href":"https:\/\/pilonatic.fr\/fr\/wp-json\/wp\/v2\/media?parent=6580"}],"curies":[{"name":"wp","href":"https:\/\/api.w.org\/{rel}","templated":true}]}}