{"id":623,"date":"2018-06-10T21:22:18","date_gmt":"2018-06-10T19:22:18","guid":{"rendered":"http:\/\/pilonatic.fr\/?page_id=623"},"modified":"2020-09-13T16:44:10","modified_gmt":"2020-09-13T14:44:10","slug":"cerramientos-metalicos","status":"publish","type":"page","link":"https:\/\/pilonatic.fr\/fr\/fr\/cerramientos-metalicos\/","title":{"rendered":"CERRAMIENTOS METALICOS"},"content":{"rendered":"<h2 style=\"text-align: center;\">Puertas de Verjas stil y cercados<\/h2>\n<p style=\"text-align: center;\">De una hoja y de dos hojas, formadas con perfiles tubulares y protegidas con mallas o barrotes de diversos tipos. Pilares de sustentaci\u00f3n tubulares en funci\u00f3n de luces y alturas de las puertas. Bisagras, pasador y cerraduras con manilla. Pintadas en epoxi-poliester con opci\u00f3n de diferentes Ral (amarillo, blanco, gris, azul, negro o verde) u opci\u00f3n de galvanizado electrol\u00edtico.<\/p>\n<p style=\"text-align: center;\">\u00b7 Batientes<\/p>\n<p style=\"text-align: center;\">\u00b7 Correderas con Carril<\/p>\n<p style=\"text-align: center;\">\u00b7 Lanzadas sin Carril<\/p>\n<h2 class=\"single-port-title post-title-color gdl-title gdl-divider\" style=\"text-align: center;\">Cerramientos deportivos<\/h2>\n<p style=\"text-align: center;\">Siempre adapt\u00e1ndonos al tipo de deporte y recinto, construimos e instalamos cerramientos de todo tipo de materiales, seg\u00fan las necesidades; simple torsi\u00f3n, mallazo, verja stil, telas onduladas, barrotes, chapas lisas, chapas perforadas, red de nylon, vidrios, policarbonatos\u2026 Adem\u00e1s, podemos realizar cercados fijos, anclados al suelo, o bien m\u00f3viles para espacios deportivos multiusos.<\/p>\n<h2 style=\"text-align: center;\">Verjas y cercados<\/h2>\n<p style=\"text-align: center;\">Realizamos todo tipo de cerramientos dom\u00e9sticos, tanto cercados perimetrales con o sin pivotaje, como verjas para ventanas o portales, siempre ofreciendo un cuidado asesoramiento y una gran calidad t\u00e9cnica y est\u00e9tica.<\/p>\n<h2 class=\"portfolio-thumbnail-title port-title-color gdl-title\" style=\"text-align: center;\">Cerramientos de seguridad y perimetrales<\/h2>\n<p style=\"text-align: center;\">Ofrecemos una amplia gama de soluciones de seguridad para la protecci\u00f3n de \u00e1reas peligrosas.<\/p>","protected":false},"excerpt":{"rendered":"<p>Puertas de Verjas stil y cercados De una hoja y de dos hojas, formadas con perfiles tubulares y protegidas con mallas o barrotes de diversos tipos. Pilares de sustentaci\u00f3n tubulares en funci\u00f3n de luces y alturas de las puertas. Bisagras, pasador y cerraduras con manilla. Pintadas en epoxi-poliester con opci\u00f3n de diferentes Ral (amarillo, blanco, [&hellip;]<\/p>\n","protected":false},"author":1,"featured_media":0,"parent":0,"menu_order":0,"comment_status":"closed","ping_status":"closed","template":"page-boxed.php","meta":{"footnotes":""},"class_list":["post-623","page","type-page","status-publish","hentry"],"aioseo_notices":[],"jetpack_sharing_enabled":true,"_links":{"self":[{"href":"https:\/\/pilonatic.fr\/fr\/wp-json\/wp\/v2\/pages\/623","targetHints":{"allow":["GET"]}}],"collection":[{"href":"https:\/\/pilonatic.fr\/fr\/wp-json\/wp\/v2\/pages"}],"about":[{"href":"https:\/\/pilonatic.fr\/fr\/wp-json\/wp\/v2\/types\/page"}],"author":[{"embeddable":true,"href":"https:\/\/pilonatic.fr\/fr\/wp-json\/wp\/v2\/users\/1"}],"replies":[{"embeddable":true,"href":"https:\/\/pilonatic.fr\/fr\/wp-json\/wp\/v2\/comments?post=623"}],"version-history":[{"count":0,"href":"https:\/\/pilonatic.fr\/fr\/wp-json\/wp\/v2\/pages\/623\/revisions"}],"wp:attachment":[{"href":"https:\/\/pilonatic.fr\/fr\/wp-json\/wp\/v2\/media?parent=623"}],"curies":[{"name":"wp","href":"https:\/\/api.w.org\/{rel}","templated":true}]}}