{"id":5037,"date":"2018-12-25T17:45:33","date_gmt":"2018-12-25T16:45:33","guid":{"rendered":"http:\/\/pilonatic.fr\/?page_id=5037"},"modified":"2022-11-10T15:12:17","modified_gmt":"2022-11-10T14:12:17","slug":"terminos-y-condiciones","status":"publish","type":"page","link":"https:\/\/pilonatic.fr\/fr\/fr\/terminos-y-condiciones\/","title":{"rendered":"T\u00e9rminos y condiciones  de venta"},"content":{"rendered":"<h1 class=\"&quot;page-heading&quot;\">T\u00e9rminos y condiciones de\u00a0venta<\/h1>\n<p>Las presentes condiciones generales de venta se aplican estrictamente a todas las ventas de productos efectuadas por la tienda online <strong>pilonatic.fr<\/strong>. Todo pedido hecho a la tienda online\u00a0<strong>pilonatic.fr<\/strong> implica necesariamente a t\u00edtulo de condici\u00f3n esencial, determinante e imprescindible, la aceptaci\u00f3n sin reservas por el Cliente de las Condiciones Generales de Venta de la tienda online <strong>pilonatic.fr<\/strong> vigentes el d\u00eda en que se lleve a cabo el pedido correspondiente. Adem\u00e1s, el Cliente reconoce que la aceptaci\u00f3n de las presentes condiciones implicar\u00e1 la aplicaci\u00f3n de \u00e9stas al pedido al que se refieren, as\u00ed como a todo pedido posterior, con excepci\u00f3n de aquellos casos en que nuevas condiciones sean puestas en su conocimiento por la tienda online <strong>pilonatic.fr<\/strong>. El hecho que la tienda online <strong>pilonatic.fr<\/strong> no recurra en un momento dado a cualquiera de las presentes condiciones no puede ser interpretado ni equivaldr\u00e1 a renunciar a recurrir a ellas en el futuro o en el pasado.<br \/>\nLa interpretaci\u00f3n y la ejecuci\u00f3n de las condiciones, as\u00ed como todos los actos que sean consecuencia de ellas, quedar\u00e1n sometidos al derecho espa\u00f1ol, salvo que existan disposiciones de orden p\u00fablico contrarias a ello.<\/p>\n<h2>IDENTIDADES DE LAS PARTES<\/h2>\n<p>Por una parte, PILONATIC\u00a0 S.L. (Titular de la web http:\/\/<strong>pilonatic.fr<\/strong>)\u00a0 como proveedor de los productos contratados por el consumidor y\/o usuario, con domicilio social en Av\/ catalunya, n\u00ba 81-A, 08110, Montcada y Reixac-Espa\u00f1a. Direcci\u00f3n de contacto pilonatic@gmail.com . Sociedad inscrita en el Registro Mercantil.<\/p>\n<p>Por otra parte, el usuario, registrado en el sitio web y cuyo prop\u00f3sito es ser consumidor y\/o usuario de la misma y\/o contratar los productos o servicios de <strong>pilonatic.fr<\/strong>. El consumidor y\/o usuario tiene responsabilidad por los datos que proporcione a <strong>pilonatic.fr.<\/strong>\u00a0 Y por tanto responde de la veracidad de los datos que proporcione en la presente web.<\/p>\n<h2>PRECIOS<\/h2>\n<p>Los precios publicados en la tienda online <strong>pilonatic.fr<\/strong> son en Euros.<br \/>\n<strong>pilonatic.fr.<\/strong>Las ofertas sobre productos en venta en la tienda online <strong>pilonatic.fr<\/strong> se mostrar\u00e1n en el apartado \u00abOfertas\u00bb o se indicar\u00e1 en la ficha del producto y, si no se indica lo contrario, ser\u00e1n v\u00e1lidas mientras se muestren en pantalla.<br \/>\nLos vales de descuento tendr\u00e1n una vigencia y condiciones especiales para su utilizaci\u00f3n. Consulte las especificaciones de cada vale antes de utilizarlo.<\/p>\n<h2>OBJETO DEL CONTRATO (DESCRIPCI\u00d3N DE LOS PRODUCTOS Y SERVICIOS)<\/h2>\n<p>El objeto del presente contrato es regular la relaci\u00f3n existente entre\u00a0<strong>pilonatic.fr<\/strong> y el consumidor y\/o usuario en el momento en que \u00e9ste otorga su consentimiento durante el proceso de contrataci\u00f3n al aceptar la casilla correspondiente. (Casilla que, previo a su aceptaci\u00f3n, informar\u00e1 acerca de las presentes condiciones generales, aviso legal y pol\u00edtica de privacidad de la presente web).<\/p>\n<p>La relaci\u00f3n contractual de compraventa conllevar\u00e1 la entrega a cambio de un precio determinado en la web de un producto.<\/p>\n<h2>FORMAS DE PAGO<\/h2>\n<p>Al formular el pedido, el cliente puede elegir libremente pagar las compras que realice en la tienda online\u00a0 mediante:<\/p>\n<ul>\n<li><strong>Transferencia bancaria:<\/strong>\u00a0<span class=\"apple-style-span\"><span class=\"apple-style-span\">El comprador para efectuar el pago mediante esta modalidad ha de hacer una transferencia bancaria (determinando en el concepto la referencia del pedido) en un plazo m\u00e1ximo de 3 d\u00edas h\u00e1biles desde la realizaci\u00f3n del pedido. La empresa se reserva el derecho de cancelar el pedido en caso de no haber recibido confirmaci\u00f3n de la transferencia transcurrido dicho plazo. La cuenta bancaria se mostrar\u00e1 al cliente en el momento en que este elija esta modalidad de pago.<\/span><\/span><\/li>\n<li><strong>PayPal:<\/strong>\u00a0Para que el consumidor y\/o usuario pueda abonar sus compras por medio de este sistema debe de disponer de una cuenta PayPal. Para m\u00e1s informaci\u00f3n<em><a href=\"http:\/\/www.paypal.es\/\">www.paypal.es<\/a>.<\/em><\/li>\n<li><strong>Contra Reembolso<\/strong>:\u00a0<span class=\"apple-style-span\">Una vez que el comprador realice el pedido,\u00a0<\/span><strong>pilonatic.fr<\/strong><span class=\"apple-style-span\"> lo enviar\u00e1 a la direcci\u00f3n establecida en el registro a trav\u00e9s de nuestra agencia de transporte, la cual le cobrar\u00e1 en el momento de hacerle entrega del paquete. No se acepta cheques, s\u00f3lo dinero en met\u00e1lico. Es importante que el consumidor y\/o usuario tenga preparado el importe exacto, ya que el transportista puede no tener cambio.\u00a0<em>Este m\u00e9todo de pago implica un gasto suplementario para el cliente<\/em>. Dicho suplemento lo cobra la empresa de transportes y depender\u00e1 del importe del pedido.<\/span><\/li>\n<li>Mediante\u00a0<strong>tarjeta de cr\u00e9dito o d\u00e9bito<\/strong>\u00a0a trav\u00e9s del TPV virtual.\u00a0<span class=\"apple-style-span\">A trav\u00e9s de este medio de pago, el comprador tendr\u00e1 que facilitar su n\u00famero de tarjeta, la fecha de caducidad y su n\u00famero\u00a0<\/span><span class=\"apple-style-span\">CVV. En este caso, sus datos ser\u00e1n cifrados y enviados bajo servidor seguro al TPV virtual del banco. Es<\/span>te\u00a0<span class=\"apple-style-span\">\u00a0procedimiento no facilita el n\u00famero de tarjeta a <\/span><strong>pilonatic.fr<\/strong>.<\/li>\n<\/ul>\n<h2>PRODUCTO<\/h2>\n<p>Las ofertas presentadas por la tienda online\u00a0<strong>pilonatic.fr<\/strong> son v\u00e1lidas dentro del l\u00edmite de las existencias disponibles y de las fechas establecidas para dicha oferta. La tienda online\u00a0<strong>pilonatic.fr<\/strong> se reserva el derecho de modificar el surtido de productos en funci\u00f3n de las dificultades impuestas por sus proveedores.<\/p>\n<p>En el caso de que el producto seleccionado no est\u00e9 disponible como stock, en la p\u00e1gina del producto el usuario podr\u00e1 facilitar su email con el objeto de que la entidad se ponga en contacto con el usuario una vez est\u00e9 disponible el producto mediante correo electr\u00f3nico.<\/p>\n<h2>Plazos de Entrega<\/h2>\n<p>Tiempo de manejo del pedido: 2-4 d\u00edas h\u00e1biles (lunes a viernes).<\/p>\n<p>El tiempo de entrega del pedido es de 5 a 10 d\u00edas h\u00e1biles (lunes a viernes).<\/p>\n<p>Gastos de env\u00edo: Ofrecemos env\u00edo gratis a Espa\u00f1a<\/p>\n<p>Los pedidos se preparan en el momento en que se ha confirmado el pago y en los siguientes horarios:<\/p>\n<p>Lunes a Viernes de 9:00 am<\/p>\n<p>(GMT+01:00) Hora Est\u00e1ndar de Europa Central (Madrid)<\/p>\n<p>.<\/p>\n<h2>Reclamaaci\u00f3n de pedidos no entregados<\/h2>\n<p>El consumidor y\/o usuario, tras la recepci\u00f3n de un mail de que su pedido est\u00e1 enviado, si transcurrido un plazo razonable no recibe el producto, puede ponerse en contacto con\u00a0<strong>&#8216;pilonatic.fr&#8217;\u00a0<\/strong>a trav\u00e9s del tel\u00e9fono (+34) 632429144, por el formulario de contacto\u00a0o por mail: pilonatic@gmail.com para poder esclarecer la causa de la demora.<\/p>\n<p>Una vez obtenida la reclamaci\u00f3n, &#8216;<strong>pilonatic.fr<\/strong>&#8216; contactar\u00e1 con el consumidor y\/o usuario con el objeto de explicar lo sucedido y llegar a un acuerdo sobre lo acontecido.<\/p>\n<p>En caso \u00faltimo que\u00a0<strong>&#8216;pilonatic.fr&#8217;<\/strong>\u00a0no tenga disponibilidad del bien contratado, el consumidor y\/o usuario ser\u00e1 informado de esa falta de disponibilidad y en el plazo m\u00e1s breve posible recibir\u00e1 de\u00a0<strong>&#8216;pilonatic.fr&#8217;<\/strong>\u00a0las sumas abonadas.<\/p>\n<h2>Anulaciones<\/h2>\n<p>Si una vez realizada la compra se desea anular un pedido que todav\u00eda no ha sido expedido y en caso de ser productos met\u00e1licos como rejas,puertas pilonas etc. si no se ha empezado a fabricar, se puede hacer siempre y cuando se indique mediante el formulario de contacto establecido al efecto en la secci\u00f3n \u201ccontacto\u201d o por escrito a la direcci\u00f3n electr\u00f3nica pilonatic@gmail.com, formulario de atenci\u00f3n al cliente o bien por tel\u00e9fono al n\u00famero (+34) 632429144 indicando el n\u00famero del pedido que se desea cancelar.<\/p>\n<h2>Contacto<\/h2>\n<p>TELEFONO 0034 632429144<\/p>\n<p>CORREO ELECTRONICO &#8211; pilonatic@gmail.com<\/p>","protected":false},"excerpt":{"rendered":"<p>T\u00e9rminos y condiciones de\u00a0venta Las presentes condiciones generales de venta se aplican estrictamente a todas las ventas de productos efectuadas por la tienda online pilonatic.fr. Todo pedido hecho a la tienda online\u00a0pilonatic.fr implica necesariamente a t\u00edtulo de condici\u00f3n esencial, determinante e imprescindible, la aceptaci\u00f3n sin reservas por el Cliente de las Condiciones Generales de Venta [&hellip;]<\/p>\n","protected":false},"author":1,"featured_media":0,"parent":0,"menu_order":0,"comment_status":"closed","ping_status":"closed","template":"page-boxed.php","meta":{"footnotes":""},"class_list":["post-5037","page","type-page","status-publish","hentry"],"aioseo_notices":[],"jetpack_sharing_enabled":true,"_links":{"self":[{"href":"https:\/\/pilonatic.fr\/fr\/wp-json\/wp\/v2\/pages\/5037","targetHints":{"allow":["GET"]}}],"collection":[{"href":"https:\/\/pilonatic.fr\/fr\/wp-json\/wp\/v2\/pages"}],"about":[{"href":"https:\/\/pilonatic.fr\/fr\/wp-json\/wp\/v2\/types\/page"}],"author":[{"embeddable":true,"href":"https:\/\/pilonatic.fr\/fr\/wp-json\/wp\/v2\/users\/1"}],"replies":[{"embeddable":true,"href":"https:\/\/pilonatic.fr\/fr\/wp-json\/wp\/v2\/comments?post=5037"}],"version-history":[{"count":5,"href":"https:\/\/pilonatic.fr\/fr\/wp-json\/wp\/v2\/pages\/5037\/revisions"}],"predecessor-version":[{"id":8116,"href":"https:\/\/pilonatic.fr\/fr\/wp-json\/wp\/v2\/pages\/5037\/revisions\/8116"}],"wp:attachment":[{"href":"https:\/\/pilonatic.fr\/fr\/wp-json\/wp\/v2\/media?parent=5037"}],"curies":[{"name":"wp","href":"https:\/\/api.w.org\/{rel}","templated":true}]}}