{"id":5035,"date":"2018-12-25T17:32:14","date_gmt":"2018-12-25T16:32:14","guid":{"rendered":"http:\/\/pilonatic.fr\/?page_id=5035"},"modified":"2026-04-05T15:12:10","modified_gmt":"2026-04-05T13:12:10","slug":"aviso-legal","status":"publish","type":"page","link":"https:\/\/pilonatic.fr\/fr\/fr\/aviso-legal\/","title":{"rendered":"Mentions l\u00e9gales"},"content":{"rendered":"<header class=\"page-header\">\n<h1><\/h1>\n<\/header>\n<section id=\"content\" class=\"page-content page-cms page-cms-2\">\n<h1>Aviso Legal<\/h1>\n<p>Informaci\u00f3n legal sobre las p\u00e1ginas web de la tienda online\u00a0<strong>pilonatic.fr.<\/strong><\/p>\n<h2>OBJETO<\/h2>\n<p>Este sitio\u00a0ha sido creado\u00a0para dar a conocer y permitir el acceso al p\u00fablico a la informaci\u00f3n relativa a los productos\u00a0ofertados por <strong>pilonatic<\/strong>.com<\/p>\n<h2>CONTENIDO<\/h2>\n<p>Este sitio web ofrece\u00a0informaci\u00f3n acerca de los productos y servicios comercializados por <strong>pilonatic.fr,<\/strong>\u00a0estando estos, en todo caso, sujetos\u00a0a los t\u00e9rminos y condiciones expresamente detallados en cada momento y accesibles desde esta p\u00e1gina Web, as\u00ed como, los concretos Servicios junto con sus tarifas, que tambi\u00e9n se sujetar\u00e1n a las distintas Condiciones Generales de uso de cada uno de los Servicios prestados por la tienda online <strong>pilonatic.fr.<\/strong><\/p>\n<h2>ACCESO Y USO<\/h2>\n<p>El acceso a este sitio web, y el uso que se haga de la informaci\u00f3n y contenidos incluidos en la misma, ser\u00e1 de la exclusiva responsabilidad de quien lo realice.<\/p>\n<p>Las condiciones de acceso a esta Web estar\u00e1n supeditadas a la legalidad vigente y los principios de la buena fe y uso l\u00edcito por parte del usuario de la misma, quedando prohibido con car\u00e1cter general cualquier tipo de actuaci\u00f3n en perjuicio de la tienda online\u00a0<strong>pilonatic.fr<\/strong> o de terceros.<\/p>\n<p>Se considera prohibido el uso de la presente p\u00e1gina Web con fines ilegales o no autorizados, y en particular no se limita a:<\/p>\n<ul>\n<li>Cualquier forma de violaci\u00f3n de los derechos de terceros (derecho a la intimidad, a la propia imagen, al secreto en las comunicaciones, a la propiedad intelectual e industrial, de protecci\u00f3n de datos,etc.)<\/li>\n<li>Incluir o introducir cualquier tipo de virus inform\u00e1tico, archivos defectuosos, o cualquier otro software o programa inform\u00e1tico que pueda provocar da\u00f1os o alteraciones no autorizadas de los contenidos o sistemas de cualquier clase accesibles a trav\u00e9s de dicha p\u00e1gina Web.<\/li>\n<li>El uso incorrecto o impropio\u00a0respecto al normal funcionamiento y finalidad de todos aquellos servicios que en su caso puedan incluirse en la p\u00e1gina Web de la tienda online <strong>pilonatic.fr<\/strong>.<\/li>\n<\/ul>\n<h2>RESPONSABILIDAD:<\/h2>\n<p>El sitio web\u00a0<strong>pilonatic.fr<\/strong> no se hace responsable bajo ning\u00fan concepto por ning\u00fan tipo de da\u00f1o que pudiesen ocasionar los usuarios a la presente p\u00e1gina Web, o a cualquier otra, por el uso ilegal o indebido de la misma o de los contenidos e informaciones accesibles o facilitadas a trav\u00e9s de ella.<\/p>\n<h2>SERVICIO<\/h2>\n<p><strong>Pilonatic sl<\/strong> se reserva el derecho de suspender el acceso a su p\u00e1gina Web, sin previo aviso, de forma discrecional y temporal, por razones t\u00e9cnicas o de cualquier otra \u00edndole, pudiendo asimismo modificar unilateralmente tanto las condiciones de acceso como la totalidad o parte de los contenidos en ella incluidos.<br \/>\nLa tienda online <strong>pilonatic.fr<\/strong> no se responsabiliza de la integridad y veracidad del contenido de los enlaces a las web a las que pueda accederse desde su p\u00e1gina, ni de contenidos que no hayan sido supervisados por la tienda online <strong>pilonatic.fr.<\/strong><\/p>\n<h2>COMERCIO Y TIENDA VIRTUAL<\/h2>\n<p>En caso de que a trav\u00e9s de\u00a0este portal, se lleve a cabo una actividad comercial, la misma consistir\u00e1 en la recepci\u00f3n y env\u00edo de las solicitudes relativas a los productos y servicios presentados, sujet\u00e1ndose en todo caso las transacciones comerciales que se produzcan, a las disposiciones legales vigentes, y en particular las establecidas en la Ley 7\/1996 de 15 de Enero, de Ordenaci\u00f3n del Comercio Minorista relativa a las Ventas a Distancia, as\u00ed como, la legislaci\u00f3n en todo lo referente a las Condiciones Generales de Contrataci\u00f3n. Para el supuesto de solicitud de cualesquiera de los Servicios ofertados en su caso por la tienda online\u00a0<strong>pilonatic.fr<\/strong> el cliente deber\u00e1 aceptar las Condiciones Generales de prestaci\u00f3n de dichos Servicios relativas a cada modalidad en concreto, las cuales, quedan a disposici\u00f3n del cliente a trav\u00e9s de la p\u00e1gina web <strong>pilonatic.fr.<\/strong><\/p>\n<h2>PROPIEDAD INTELECTUAL<\/h2>\n<p>El Site y los contenidos que en \u00e9l se albergan est\u00e1n protegidos por la legislaci\u00f3n vigente en materia de propiedad intelectual. Se proh\u00edbe expresamente la copia, modificaci\u00f3n, reproducci\u00f3n, descarga, transmisi\u00f3n, distribuci\u00f3n o generaci\u00f3n de obras derivadas de los contenidos de la p\u00e1gina, sin la previa autorizaci\u00f3n del titular de los correspondientes derechos, o se encuentre legalmente permitido.<\/p>\n<p>El acceso al site no presupone la adquisici\u00f3n por parte de los usuarios de derecho de propiedad sobre los contenidos que figuran en el mismo.<\/p>\n<h2>RESERVA DE DERECHOS<\/h2>\n<p><strong>Pilonatic sl<\/strong> podr\u00e1, cuando lo considere conveniente, realizar correcciones, mejoras o modificaciones en la estructura, dise\u00f1o web as\u00ed como cualquier informaci\u00f3n contenida en la p\u00e1gina, modificar o eliminar productos, las condiciones de acceso o incluso de uso de la web de forma unilateral y sin previo aviso sin que ello de lugar, ni derecho a ninguna reclamaci\u00f3n o indemnizaci\u00f3n, ni implique reconocimiento de responsabilidad alguna.<\/p>\n<p><strong>pilonatic.fr<\/strong> se reserva el derecho para interrumpir, suspender o terminar la prestaci\u00f3n del servicio del sitio web o de cualquiera de los servicios que lo integran.<\/p>\n<h2>EXCLUSI\u00d3N DE GARANT\u00cdAS Y RESPONSABILIDAD<\/h2>\n<p><strong>Pilonatic.com<\/strong>\u00a0no otorga ninguna garant\u00eda ni se hace responsable por los da\u00f1os y perjuicios de cualquier naturaleza que se pudiera derivar de:<\/p>\n<ul>\n<li>la falta de disponibilidad y continuidad t\u00e9cnica\u00a0 o del funcionamiento de la p\u00e1gina.<\/li>\n<li>de la existencia de virus, programas maliciosos o lesivos en los contenidos,<\/li>\n<li>de la falta de utilidad, adecuaci\u00f3n o validez de la web, servicios, contenidos con el objeto de responder a las necesidades, actividades o expectativas de los usuarios.<\/li>\n<li>Del uso negligente o il\u00edcito de la web en general que no respeten las normas definidas en el presente aviso legal, a la buena fe, orden p\u00fablico.<\/li>\n<li>Errores: Con respecto a la existencia de errores o imprecisiones en el Sitio Web\u00a0<strong>pilonatic.fr<\/strong> no responder\u00e1 por las consecuencias derivada de los mismos. Ser\u00e1n subsanados por\u00a0<strong>pilonatic.fr<\/strong> a la mayor brevedad posible y tan pronto como tenga conocimiento de ello.<\/li>\n<\/ul>\n<h2>POL\u00cdTICAS DE ENLACES<\/h2>\n<p>La Web puede incluir \u201clinks\u201d o enlaces de texto o gr\u00e1ficos hacia otras p\u00e1ginas web y contenidos ubicados fuera de <strong>pilonatic.fr<\/strong>. Los mismos \u00a0son propiedad de terceros.<\/p>\n<p>http:\/\/<strong>pilonatic.fr<\/strong> utiliza dichos \u201clinks\u201d\u00a0 con el objeto de proporcionar mayor informaci\u00f3n al Usuario. Debido a que son completamente ajenos a <strong>pilonatic.fr<\/strong>, \u00e9sta no se responsabiliza en ning\u00fan caso de las mencionadas p\u00e1ginas web, de sus contenidos ni de las consecuencias que pueda acarrear al Usuario el acceso a dichos enlaces.<\/p>\n<p>Asimismo <strong>pilonatic.fr<\/strong> s\u00f3lo autoriza a terceras personas interesadas a que establezcan \u201clinks\u201d desde sus p\u00e1ginas web siempre y cuando cumplan con las obligaciones establecidas en el presente Aviso Legal.<\/p>\n<p>Particularmente el \u201clink\u201d ha de posibilitar que la web se muestre en su totalidad dentro de la pantalla del navegador sin que los contenidos se muestren a trav\u00e9s de marcos o \u201cframes\u201d. \u00a0No obstante lo anterior,\u00a0<strong>pilonatic.fr<\/strong> reserva el derecho a exigir a dichas terceras personas que retiren inmediatamente los \u201clinks\u201d hacia el Sitio Web cuando as\u00ed lo estime conveniente.<\/p>\n<p>El establecimiento de un \u201clink\u201d no implicar\u00e1 en ning\u00fan caso la existencia de relaciones entre el tercero que incluye el mismo y <strong>pilonatic.fr<\/strong>, ni el conocimiento y aceptaci\u00f3n por parte de <strong>pilonatic.fr<\/strong>, de los servicios y contenidos ofrecidos en dicha p\u00e1gina web.<\/p>\n<p><strong>pilonatic.fr<\/strong>\u00a0no asume ning\u00fan tipo de responsabilidad, por los da\u00f1os y perjuicios de toda clase que pudieran derivarse del acceso, mantenimiento, uso, calidad, licitud, fiabilidad, contenidos, informaciones, comunicaciones, opiniones, productos etc., ofrecidos en las webs que no est\u00e1n gestionadas por <strong>pilonatic.fr.<\/strong><\/p>\n<h2>REDES SOCIALES<\/h2>\n<p>La presente web utilizar\u00e1, Redes sociales y comunidades virtuales que se utilizar\u00e1n como medios de comunicaci\u00f3n y promoci\u00f3n de los productos y servicios de <strong>pilonatic.fr<\/strong>.Las redes sociales y comunidades virtuales de las que hace uso son las siguientes: Facebook, twitter, Youtube, google + y Pinterest sin perjuicio de que pueda utilizar otras en un futuro. Los objetivos espec\u00edficos a trav\u00e9s de los cuales se usan dichos medios son el apoyo medi\u00e1tico y difusi\u00f3n de los servicios de <strong>pilonatic.fr<\/strong>.<\/p>\n<p>Con respecto a la informaci\u00f3n de los contenidos de las redes sociales\u00a0<strong>pilonatic.fr<\/strong> no se hace responsable en ning\u00fan caso de la veracidad, exactitud, adecuaci\u00f3n, idoneidad, y actualizaci\u00f3n de la informaci\u00f3n suministrada a trav\u00e9s de las mismas.<\/p>\n<p>Los contenidos establecidos en las redes sociales son exclusivamente\u00a0 informativos, por lo que no se responsabiliza de las decisiones tomadas por el Usuario a partir de las mismas, ni de los da\u00f1os y perjuicios producidos en el Usuario o en terceros con base en esta informaci\u00f3n.<\/p>\n<p><strong>pilonatic.fr<\/strong>\u00a0procurar\u00e1 fomentar la calidad de las informaciones a trav\u00e9s de la subsanaci\u00f3n de errores en datos recibidos, as\u00ed como, en la administraci\u00f3n de los sitios, y posibilitar\u00e1 que terceros usuarios puedan reportar denuncias sobre comentarios ofensivos e improcedentes que no tengan que ver con los temas tratados, fotos publicadas o v\u00eddeos igualmente no relacionados con los temas a los que se destina las anteriores Redes sociales y Comunidades.<\/p>\n<p>En estos casos,\u00a0<strong>pilonatic.fr<\/strong> como administrador de las redes, tendr\u00e1 la potestad de borrar toda informaci\u00f3n que no se ajuste a la calidad, objeto y buen servicio informativo y l\u00fadico de las redes sociales. No obstante, pese a la intenci\u00f3n de procurar la m\u00e1xima calidad de contenidos, \u00a0no se har\u00e1 responsable de las informaciones referidas.<\/p>\n<p>Se informa que el acceso a las redes\u00a0 sociales y comunidades de los que la web hace uso para los objetivos anteriormente descritos, requiere de un servicio\/suministro por parte de otros prestadores de servicios de la sociedad de la informaci\u00f3n.\u00a0<strong>pilonatic.fr<\/strong> no puede en ning\u00fan momento responsabilizarse de la\u00a0 fiabilidad, calidad, continuidad y funcionamiento de las mismas, y por tanto no puede impedir su suspenso, cancelaci\u00f3n o inaccesibilidad por causas ajenas a <strong>pilonatic.fr<\/strong>.<\/p>\n<p><strong>www.pilonatuc.es<\/strong>\u00a0no se responsabilizar\u00e1 de los da\u00f1os o perjuicios que sufra el Usuario por motivos que provengan de fallos o desconexiones en las redes sociales, y que puedan producir p\u00e9rdidas de informaci\u00f3n, suspensiones, cancelaciones o interrupciones del servicio\u00a0 durante la prestaci\u00f3n del mismo o con car\u00e1cter previo.<\/p>\n<p>Las redes sociales y las comunidades pueden permitir el acceso a enlaces y otras p\u00e1ginas web. Atendiendo a la Ley 34\/2002, de 11 de julio, de servicios de la sociedad de la informaci\u00f3n y de comercio electr\u00f3nico,\u00a0<strong>pilonatic.fr<\/strong> act\u00faa como prestador de servicios de intermediaci\u00f3n, por lo que s\u00f3lo ser\u00e1 responsable de los contenidos y servicios suministrados en los Sitios Enlazados, en la medida en que tenga conocimiento efectivo de su ilicitud y no haya actuado con la diligencia debida para retirarlos. Si\u00a0 el usuario considera que alguno de los Sitios Enlazados incluye contenidos il\u00edcitos o inadecuados, podr\u00e1 comunic\u00e1rselo a\u00a0<strong>pilonatic.fr<\/strong> mediante el mail establecido al principio del presente aviso legal, procediendo diligentemente a retirar dichos enlaces.\u00a0<strong>pilonatic.fr<\/strong> en ning\u00fan caso se hace responsable de los contenidos y servicios ofrecidos en los Sitios Enlazados, por lo que no responde de los da\u00f1os producidos por su ilicitud, calidad, desactualizaci\u00f3n, indisponibilidad, error o inutilidad.<\/p>\n<h2>GENERALES<\/h2>\n<p>Para toda cuesti\u00f3n litigiosa o que incumba a la P\u00e1gina Web de la tienda online\u00a0<strong>pilonatic.fr<\/strong> ser\u00e1 de aplicaci\u00f3n la legislaci\u00f3n espa\u00f1ola, siendo competentes para la resoluci\u00f3n de todos los conflictos derivados o relacionados con el uso de esta p\u00e1gina Web, los Juzgados y Tribunales de Espa\u00f1a.<\/p>\n<p>La tienda online de <strong>pilonatic.fr<\/strong> est\u00e1 gestionada por:<br \/>\nPILONATIC SL<\/p>\n<p>Direcci\u00f3n principal: Ripolles, 18 Santa Perpetua de Mogoda, 08150 Barcelona<br \/>\nTel\/Fax: 632429144<br \/>\nemail: pilonatic@gmail.com<\/p>\n<p>El acceso a la p\u00e1gina Web de la tienda online <strong>pilonatic.fr<\/strong> implica la aceptaci\u00f3n de todas las condiciones expresadas.<\/p>\n<h4>Informaci\u00f3n relacionada con la resoluci\u00f3n de disputa en l\u00ednea del Art. 14, p\u00e1rr. 1 del ODR (Regulaci\u00f3n de resoluci\u00f3n de disputa en l\u00ednea):<\/h4>\n<p>La Comisi\u00f3n Europea ofrece a los consumidores la oportunidad de resolver disputas en l\u00ednea conforme al Art. 14, p\u00e1rr. 1 del ODR en una de sus plataformas. La plataforma (<a href=\"http:\/\/ec.europa.eu\/consumers\/odr\" target=\"_blank\" rel=\"nofollow noopener\">http:\/\/ec.europa.eu\/consumers\/odr<\/a>) sirve como web en la que los consumidores pueden intentar llegar a acuerdos sin ir a juicio relacionados con las disputas que surjan en las compras y contratos de servicios en l\u00ednea.<\/p>\n<\/section>","protected":false},"excerpt":{"rendered":"<p>Aviso Legal Informaci\u00f3n legal sobre las p\u00e1ginas web de la tienda online\u00a0pilonatic.fr. OBJETO Este sitio\u00a0ha sido creado\u00a0para dar a conocer y permitir el acceso al p\u00fablico a la informaci\u00f3n relativa a los productos\u00a0ofertados por pilonatic.com CONTENIDO Este sitio web ofrece\u00a0informaci\u00f3n acerca de los productos y servicios comercializados por pilonatic.fr,\u00a0estando estos, en todo caso, sujetos\u00a0a los [&hellip;]<\/p>\n","protected":false},"author":1,"featured_media":0,"parent":0,"menu_order":0,"comment_status":"closed","ping_status":"closed","template":"page-boxed.php","meta":{"footnotes":""},"class_list":["post-5035","page","type-page","status-publish","hentry"],"aioseo_notices":[],"jetpack_sharing_enabled":true,"_links":{"self":[{"href":"https:\/\/pilonatic.fr\/fr\/wp-json\/wp\/v2\/pages\/5035","targetHints":{"allow":["GET"]}}],"collection":[{"href":"https:\/\/pilonatic.fr\/fr\/wp-json\/wp\/v2\/pages"}],"about":[{"href":"https:\/\/pilonatic.fr\/fr\/wp-json\/wp\/v2\/types\/page"}],"author":[{"embeddable":true,"href":"https:\/\/pilonatic.fr\/fr\/wp-json\/wp\/v2\/users\/1"}],"replies":[{"embeddable":true,"href":"https:\/\/pilonatic.fr\/fr\/wp-json\/wp\/v2\/comments?post=5035"}],"version-history":[{"count":2,"href":"https:\/\/pilonatic.fr\/fr\/wp-json\/wp\/v2\/pages\/5035\/revisions"}],"predecessor-version":[{"id":9869,"href":"https:\/\/pilonatic.fr\/fr\/wp-json\/wp\/v2\/pages\/5035\/revisions\/9869"}],"wp:attachment":[{"href":"https:\/\/pilonatic.fr\/fr\/wp-json\/wp\/v2\/media?parent=5035"}],"curies":[{"name":"wp","href":"https:\/\/api.w.org\/{rel}","templated":true}]}}