{"id":5015,"date":"2018-12-25T15:54:12","date_gmt":"2018-12-25T14:54:12","guid":{"rendered":"http:\/\/pilonatic.fr\/?page_id=5015"},"modified":"2018-12-25T17:08:21","modified_gmt":"2018-12-25T16:08:21","slug":"5015-2","status":"publish","type":"page","link":"https:\/\/pilonatic.fr\/fr\/fr\/5015-2\/","title":{"rendered":"Pago seguro"},"content":{"rendered":"<header class=\"page-header\">\n<h1 style=\"text-align: center;\">Pago seguro<\/h1>\n<\/header>\n<section id=\"content\" class=\"page-content page-cms page-cms-5\">\n<h2 style=\"text-align: center;\"><\/h2>\n<h3 style=\"text-align: center;\">Nuestro pago seguro\u00a0<em>Con SSL<\/em><\/h3>\n<\/section>\n<p style=\"text-align: left;\"><img loading=\"lazy\" decoding=\"async\" class=\"size-medium wp-image-5024 aligncenter\" src=\"http:\/\/pilonatic.fr\/wp-content\/uploads\/2018\/12\/paypal_logo_payments_secure_logo_verisign-300x105.jpg\" alt=\"\" width=\"300\" height=\"105\" srcset=\"https:\/\/pilonatic.fr\/wp-content\/uploads\/2018\/12\/paypal_logo_payments_secure_logo_verisign-300x105.jpg 300w, https:\/\/pilonatic.fr\/wp-content\/uploads\/2018\/12\/paypal_logo_payments_secure_logo_verisign-510x179.jpg 510w, https:\/\/pilonatic.fr\/wp-content\/uploads\/2018\/12\/paypal_logo_payments_secure_logo_verisign-570x200.jpg 570w, https:\/\/pilonatic.fr\/wp-content\/uploads\/2018\/12\/paypal_logo_payments_secure_logo_verisign.jpg 720w\" sizes=\"auto, (max-width: 300px) 100vw, 300px\" \/><br \/>\nTarjeta de cr\u00e9dito VISA o MASTERCARD<\/p>\n<p>Le garantizamos que cada una de las transacciones realizadas en gruposd.es es 100% segura. Todas las operaciones que implican la transmisi\u00f3n de datos personales o bancarios se realizan utilizando un entorno seguro. gruposd.es utiliza un servidor basado en la tecnolog\u00eda de seguridad est\u00e1ndar SSL (Secure Socked Layer). Toda la informaci\u00f3n que nos transmita viaja cifrada a trav\u00e9s de la red.<\/p>\n<p>As\u00ed mismo los datos sobre su tarjeta de cr\u00e9dito no quedan registrados en ninguna base de datos sino que van directamente al TPV (Terminal Punto de Venta del Banco).<\/p>\n<p>Adem\u00e1s le informamos que en un esfuerzo por proporcionar mayor seguridad a los propietarios de tarjetas de cr\u00e9dito, hemos incorporado en nuestra pasarela de pagos el sistema de pago seguro denominado CES (Comercio Electr\u00f3nico Seguro). De esta forma, si es titular de una tarjeta \u201csecurizada\u201d siempre podr\u00e1 efectuar pagos con tarjeta VISA o MASTERCARD en nuestra tienda.<br \/>\nAl pagar con tarjeta VISA o MASTERCARD se le solicitar\u00e1n siempre los siguientes datos: el n\u00famero de tarjeta, la fecha de caducidad, y un C\u00f3digo de Validaci\u00f3n que coincide con las 3 \u00faltimas cifras del n\u00famero impreso en cursiva en el reverso de su tarjeta VISA o MASTERCARD, ofreciendo, de esta forma, m\u00e1s garant\u00edas acerca de la seguridad de la transacci\u00f3n.<\/p>\n<p>Qu\u00e9 es Verified by Visa y Mastercard Secure Code?<br \/>\nCES (Comercio Electr\u00f3nico Seguro)<\/p>\n<p>CES es un sistema para asegurar las transacciones en Internet promovido por Visa Internacional y Mastercard entre otros. El fin principal es dar mayor seguridad tanto al usuario de Internet como a los comercios que venden a trav\u00e9s de la Red al autentificar al comprador como leg\u00edtimo titular de la tarjeta que est\u00e1 utilizando.<\/p>\n<p>En la pr\u00e1ctica, al pagar con una tarjeta VISA o MASTERCARD \u201csecurizada\u201d, se le solicitar\u00e1, adem\u00e1s del n\u00famero y fecha de caducidad, una clave personal de uso exclusivo para compras por Internet que le identifica, de manera inequ\u00edvoca, como su propietario. De esta forma, nadie podr\u00e1 hacer una compra en Internet si desconoce dicha clave. Podr\u00e1 distinguir si est\u00e1 activado el prot\u00f3colo de Comercio Electr\u00f3nico Seguro por los logos de VISA \u201cVerified by VISA\u201d y de Mastercard \u201cMastercard Secure Code\u201d.<\/p>\n<p><a href=\"https:\/\/www.mastercard.es\/es-es.html\" target=\"_blank\" rel=\"noopener\"><img loading=\"lazy\" decoding=\"async\" class=\"aligncenter wp-image-5018 size-medium\" src=\"http:\/\/pilonatic.fr\/wp-content\/uploads\/2018\/12\/cd7b87b9385bc936d7d7f8680f67923e-300x58.png\" alt=\"\" width=\"300\" height=\"58\" srcset=\"https:\/\/pilonatic.fr\/wp-content\/uploads\/2018\/12\/cd7b87b9385bc936d7d7f8680f67923e-300x58.png 300w, https:\/\/pilonatic.fr\/wp-content\/uploads\/2018\/12\/cd7b87b9385bc936d7d7f8680f67923e-510x98.png 510w, https:\/\/pilonatic.fr\/wp-content\/uploads\/2018\/12\/cd7b87b9385bc936d7d7f8680f67923e-768x148.png 768w, https:\/\/pilonatic.fr\/wp-content\/uploads\/2018\/12\/cd7b87b9385bc936d7d7f8680f67923e-1024x198.png 1024w, https:\/\/pilonatic.fr\/wp-content\/uploads\/2018\/12\/cd7b87b9385bc936d7d7f8680f67923e-570x110.png 570w\" sizes=\"auto, (max-width: 300px) 100vw, 300px\" \/><\/a>Si todav\u00eda no ha recibido una clave personal de uso exclusivo para pagos en Internet, le aconsejamos que solicite a su entidad financiera adherir sus tarjetas al servicio de Comercio Electr\u00f3nico Seguro. Para ello puede ponerse en contacto con su banco o si es cliente de banca electr\u00f3nica podr\u00e1 pedirlo online directamente.<\/p>\n<p>A continuaci\u00f3n le mostramos unos links donde podr\u00e1 comprobar si su banco est\u00e1 o no afiliado a Verified By Visa o Mastercard Secure Code:<\/p>\n<p>\u2022 Europa<br \/>\n\u2022 Latino America &amp; the Caribbean<br \/>\n\u2022 Asia Pacifico<br \/>\n\u2022 USA<\/p>\n<p><img loading=\"lazy\" decoding=\"async\" class=\"size-medium wp-image-5019 aligncenter\" src=\"http:\/\/pilonatic.fr\/wp-content\/uploads\/2018\/12\/paypal-logo-300x117.png\" alt=\"\" width=\"300\" height=\"117\" srcset=\"https:\/\/pilonatic.fr\/wp-content\/uploads\/2018\/12\/paypal-logo-300x117.png 300w, https:\/\/pilonatic.fr\/wp-content\/uploads\/2018\/12\/paypal-logo-510x198.jpg 510w, https:\/\/pilonatic.fr\/wp-content\/uploads\/2018\/12\/paypal-logo-570x221.png 570w, https:\/\/pilonatic.fr\/wp-content\/uploads\/2018\/12\/paypal-logo.jpg 672w\" sizes=\"auto, (max-width: 300px) 100vw, 300px\" \/><br \/>\nPayPal<\/p>\n<p>PayPal es un sistema de pago electr\u00f3nico similar a los sistemas VISA o Mastercard, con la ventaja respecto al resto de sistemas de pago electr\u00f3nicos que no es necesario introducir los datos de las tarjetas, ya que Paypal act\u00faa de pasarela entre su entidad bancaria habitual y el comercio. PayPal es usado muy habitualmente por particulares de todo el mundo para realizar sus transacciones personales.<\/p>\n<p>PayPal est\u00e1 m\u00e1s orientado a los pagos de Internet y dispone de mecanismos de control que le hacen ser una opci\u00f3n m\u00e1s segura respecto a otros sistemas de pago. Tiene un soporte directo para sus usuarios en casos de fraude y estafa que protegen a particulares y empresas.<\/p>\n<p>&nbsp;<\/p>","protected":false},"excerpt":{"rendered":"<p>Pago seguro Nuestro pago seguro\u00a0Con SSL Tarjeta de cr\u00e9dito VISA o MASTERCARD Le garantizamos que cada una de las transacciones realizadas en gruposd.es es 100% segura. Todas las operaciones que implican la transmisi\u00f3n de datos personales o bancarios se realizan utilizando un entorno seguro. gruposd.es utiliza un servidor basado en la tecnolog\u00eda de seguridad est\u00e1ndar [&hellip;]<\/p>\n","protected":false},"author":1,"featured_media":0,"parent":0,"menu_order":0,"comment_status":"closed","ping_status":"closed","template":"page-boxed.php","meta":{"footnotes":""},"class_list":["post-5015","page","type-page","status-publish","hentry"],"aioseo_notices":[],"jetpack_sharing_enabled":true,"_links":{"self":[{"href":"https:\/\/pilonatic.fr\/fr\/wp-json\/wp\/v2\/pages\/5015","targetHints":{"allow":["GET"]}}],"collection":[{"href":"https:\/\/pilonatic.fr\/fr\/wp-json\/wp\/v2\/pages"}],"about":[{"href":"https:\/\/pilonatic.fr\/fr\/wp-json\/wp\/v2\/types\/page"}],"author":[{"embeddable":true,"href":"https:\/\/pilonatic.fr\/fr\/wp-json\/wp\/v2\/users\/1"}],"replies":[{"embeddable":true,"href":"https:\/\/pilonatic.fr\/fr\/wp-json\/wp\/v2\/comments?post=5015"}],"version-history":[{"count":0,"href":"https:\/\/pilonatic.fr\/fr\/wp-json\/wp\/v2\/pages\/5015\/revisions"}],"wp:attachment":[{"href":"https:\/\/pilonatic.fr\/fr\/wp-json\/wp\/v2\/media?parent=5015"}],"curies":[{"name":"wp","href":"https:\/\/api.w.org\/{rel}","templated":true}]}}